{"id":3498,"date":"2026-02-11T15:01:38","date_gmt":"2026-02-11T18:01:38","guid":{"rendered":"https:\/\/sddirecciones.com.ar\/?page_id=3498"},"modified":"2026-03-16T15:33:04","modified_gmt":"2026-03-16T18:33:04","slug":"novedades","status":"publish","type":"page","link":"https:\/\/sddirecciones.com.ar\/en\/novedades\/","title":{"rendered":"Novedades"},"content":{"rendered":"<p>[et_pb_section fb_built=&#8221;1&#8243; custom_padding_last_edited=&#8221;on|phone&#8221; admin_label=&#8221;Video&#8221; _builder_version=&#8221;4.27.5&#8243; background_color=&#8221;#FFFFFF&#8221; background_enable_image=&#8221;off&#8221; background_size=&#8221;contain&#8221; background_position=&#8221;bottom_right&#8221; z_index=&#8221;3&#8243; custom_margin=&#8221;30px||||false|false&#8221; custom_margin_tablet=&#8221;100px||||false|false&#8221; custom_margin_phone=&#8221;40px||0px||false|false&#8221; custom_margin_last_edited=&#8221;on|phone&#8221; custom_padding=&#8221;0px|0px|0|0px|false|false&#8221; custom_padding_tablet=&#8221;50px|0px|0|0px|false|false&#8221; custom_padding_phone=&#8221;50px|0px|0px|0px|false|false&#8221; locked=&#8221;off&#8221; global_colors_info=&#8221;{}&#8221;][et_pb_row use_custom_gutter=&#8221;on&#8221; gutter_width=&#8221;2&#8243; custom_padding_last_edited=&#8221;on|phone&#8221; _builder_version=&#8221;4.27.5&#8243; background_enable_color=&#8221;off&#8221; use_background_color_gradient=&#8221;on&#8221; background_color_gradient_direction=&#8221;273deg&#8221; background_color_gradient_stops=&#8221;#20558a 0%|#46b1db 100%&#8221; background_image=&#8221;https:\/\/sddirecciones.com.ar\/wp-content\/uploads\/2025\/12\/mechanic-73.png&#8221; background_position=&#8221;center_right&#8221; background_blend=&#8221;multiply&#8221; width=&#8221;100%&#8221; width_tablet=&#8221;&#8221; width_phone=&#8221;100%&#8221; width_last_edited=&#8221;on|phone&#8221; max_width=&#8221;100%&#8221; max_width_tablet=&#8221;600px&#8221; max_width_phone=&#8221;100%&#8221; max_width_last_edited=&#8221;on|phone&#8221; custom_margin=&#8221;0vw||||false|false&#8221; custom_margin_tablet=&#8221;-40vw||&#8221; custom_margin_phone=&#8221;6vw|0px||0px|false|true&#8221; custom_margin_last_edited=&#8221;on|phone&#8221; custom_padding=&#8221;80px|160px|60px|160px|false|true&#8221; custom_padding_tablet=&#8221;60px|50px|60px|50px|true|true&#8221; custom_padding_phone=&#8221;0px|20px|30px|20px|false|true&#8221; module_alignment_tablet=&#8221;&#8221; module_alignment_phone=&#8221;left&#8221; module_alignment_last_edited=&#8221;on|phone&#8221; locked=&#8221;off&#8221; global_colors_info=&#8221;{}&#8221;][et_pb_column type=&#8221;4_4&#8243; _builder_version=&#8221;4.27.5&#8243; custom_padding=&#8221;|||&#8221; border_color_right=&#8221;#97C3E8&#8243; border_width_right_tablet=&#8221;&#8221; border_width_right_phone=&#8221;0px&#8221; border_width_right_last_edited=&#8221;on|phone&#8221; global_colors_info=&#8221;{}&#8221; custom_padding__hover=&#8221;|||&#8221;][et_pb_divider color=&#8221;#FFFFFF&#8221; divider_weight=&#8221;50px&#8221; _builder_version=&#8221;4.27.5&#8243; transform_skew=&#8221;-22deg|0deg&#8221; transform_skew_linked=&#8221;off&#8221; width=&#8221;82%&#8221; height=&#8221;80px&#8221; custom_margin=&#8221;||40px|-20vw|false|false&#8221; custom_margin_tablet=&#8221;||30px&#8221; custom_margin_phone=&#8221;&#8221; custom_margin_last_edited=&#8221;on|tablet&#8221; locked=&#8221;off&#8221; global_colors_info=&#8221;{}&#8221;][\/et_pb_divider][et_pb_text _builder_version=&#8221;4.27.5&#8243; header_font=&#8221;&#8211;et_global_body_font|800|||||||&#8221; header_text_align=&#8221;left&#8221; header_text_color=&#8221;#FFFFFF&#8221; header_font_size=&#8221;35px&#8221; header_line_height=&#8221;1.1em&#8221; transform_skew_linked=&#8221;off&#8221; width=&#8221;90%&#8221; module_alignment=&#8221;center&#8221; custom_margin=&#8221;||0px|||&#8221; animation_style=&#8221;slide&#8221; animation_direction=&#8221;left&#8221; header_font_size_tablet=&#8221;100px&#8221; header_font_size_phone=&#8221;25px&#8221; header_font_size_last_edited=&#8221;on|phone&#8221; locked=&#8221;off&#8221; global_colors_info=&#8221;{}&#8221;]<\/p>\n<h1 class=\"p1\">Innovaci\u00f3n y expansi\u00f3n<\/h1>\n<p>[\/et_pb_text][et_pb_text _builder_version=&#8221;4.27.5&#8243; header_font=&#8221;&#8211;et_global_heading_font|300||on|||||&#8221; header_text_align=&#8221;left&#8221; header_text_color=&#8221;#FFFFFF&#8221; header_font_size=&#8221;58px&#8221; header_line_height=&#8221;1.2em&#8221; transform_skew_linked=&#8221;off&#8221; width=&#8221;90%&#8221; module_alignment=&#8221;center&#8221; custom_margin=&#8221;5px|0px|0px||false|false&#8221; custom_padding=&#8221;|0px|0px||false|false&#8221; animation_style=&#8221;slide&#8221; animation_direction=&#8221;left&#8221; header_font_size_tablet=&#8221;100px&#8221; header_font_size_phone=&#8221;41px&#8221; header_font_size_last_edited=&#8221;on|phone&#8221; locked=&#8221;off&#8221; global_colors_info=&#8221;{}&#8221;]<\/p>\n<h1 class=\"p1\"><b>Novedades en SD Direcciones<\/b><\/h1>\n<p>[\/et_pb_text][et_pb_text _builder_version=&#8221;4.27.5&#8243; text_font=&#8221;&#8211;et_global_body_font|600|||||||&#8221; text_text_color=&#8221;#FFFFFF&#8221; text_font_size=&#8221;18px&#8221; text_line_height=&#8221;1.3em&#8221; width=&#8221;90%&#8221; module_alignment=&#8221;center&#8221; custom_margin=&#8221;0px||20px||false|false&#8221; animation_style=&#8221;fade&#8221; animation_delay=&#8221;450ms&#8221; text_font_size_tablet=&#8221;&#8221; text_font_size_phone=&#8221;15px&#8221; text_font_size_last_edited=&#8221;on|phone&#8221; locked=&#8221;off&#8221; global_colors_info=&#8221;{}&#8221;]<\/p>\n<p class=\"p1\">SD Direcciones, con m\u00e1s de 30 a\u00f1os de trayectoria en el mercado argentino, contin\u00faa posicion\u00e1ndose como referente en repuestos y soluciones para sistemas de direcci\u00f3n hidr\u00e1ulica, mec\u00e1nica y asistida.<\/p>\n<p>[\/et_pb_text][\/et_pb_column][\/et_pb_row][\/et_pb_section][et_pb_section fb_built=&#8221;1&#8243; disabled_on=&#8221;off|off|off&#8221; admin_label=&#8221;Footer&#8221; _builder_version=&#8221;4.27.5&#8243; background_enable_color=&#8221;off&#8221; background_image=&#8221;https:\/\/sddirecciones.com.ar\/wp-content\/uploads\/2025\/12\/mechanic-73.png&#8221; background_position=&#8221;bottom_center&#8221; custom_margin=&#8221;||||false|false&#8221; custom_margin_tablet=&#8221;&#8221; custom_margin_phone=&#8221;40px||||false|false&#8221; custom_margin_last_edited=&#8221;on|phone&#8221; custom_padding=&#8221;4vw||7vw||false|false&#8221; locked=&#8221;off&#8221; global_colors_info=&#8221;{}&#8221;][et_pb_row _builder_version=&#8221;4.27.5&#8243; _module_preset=&#8221;default&#8221; global_colors_info=&#8221;{}&#8221;][et_pb_column type=&#8221;4_4&#8243; _builder_version=&#8221;4.27.5&#8243; _module_preset=&#8221;default&#8221; global_colors_info=&#8221;{}&#8221;][et_pb_post_slider include_categories=&#8221;all&#8221; more_text=&#8221;leer m\u00e1s&#8221; excerpt_length=&#8221;200&#8243; show_meta=&#8221;off&#8221; bg_overlay_color=&#8221;rgba(32,85,138,0.53)&#8221; _builder_version=&#8221;4.27.5&#8243; _module_preset=&#8221;default&#8221; header_font=&#8221;&#8211;et_global_body_font|600|||||||&#8221; header_font_size=&#8221;35px&#8221; header_line_height=&#8221;1.2em&#8221; meta_font=&#8221;Montserrat|500||on|||||&#8221; meta_text_color=&#8221;#97C3E8&#8243; custom_button=&#8221;on&#8221; button_text_color=&#8221;#FFFFFF&#8221; button_bg_color=&#8221;RGBA(255,255,255,0)&#8221; button_icon=&#8221;&#x45;||divi||400&#8243; button_on_hover=&#8221;off&#8221; button_custom_padding=&#8221;10px|37px|10px|32px|true|false&#8221; custom_margin=&#8221;||50px||false|false&#8221; header_font_size_tablet=&#8221;35px&#8221; header_font_size_phone=&#8221;20px&#8221; header_font_size_last_edited=&#8221;on|phone&#8221; body_line_height_tablet=&#8221;&#8221; body_line_height_phone=&#8221;1.4em&#8221; body_line_height_last_edited=&#8221;on|phone&#8221; meta_font_size_tablet=&#8221;&#8221; meta_font_size_phone=&#8221;12px&#8221; meta_font_size_last_edited=&#8221;on|phone&#8221; meta_line_height_tablet=&#8221;&#8221; meta_line_height_phone=&#8221;1.3em&#8221; meta_line_height_last_edited=&#8221;on|phone&#8221; global_colors_info=&#8221;{}&#8221; button_bg_color__hover=&#8221;#d10026&#8243; button_bg_color__hover_enabled=&#8221;on&#8221;][\/et_pb_post_slider][\/et_pb_column][\/et_pb_row][et_pb_row _builder_version=&#8221;4.27.5&#8243; _module_preset=&#8221;default&#8221; global_colors_info=&#8221;{}&#8221;][et_pb_column type=&#8221;4_4&#8243; _builder_version=&#8221;4.27.5&#8243; _module_preset=&#8221;default&#8221; global_colors_info=&#8221;{}&#8221;][et_pb_blog fullwidth=&#8221;off&#8221; include_categories=&#8221;all&#8221; excerpt_length=&#8221;150&#8243; show_more=&#8221;on&#8221; show_author=&#8221;off&#8221; use_overlay=&#8221;on&#8221; overlay_icon_color=&#8221;#FFFFFF&#8221; hover_overlay_color=&#8221;rgba(32,85,138,0.53)&#8221; _builder_version=&#8221;4.27.5&#8243; _module_preset=&#8221;default&#8221; header_font=&#8221;&#8211;et_global_body_font|600|||||||&#8221; header_line_height=&#8221;1.1em&#8221; body_font=&#8221;||||||||&#8221; body_text_color=&#8221;#000000&#8243; meta_font=&#8221;Montserrat|500||on|||||&#8221; meta_text_color=&#8221;#20558A&#8221; meta_font_size=&#8221;13px&#8221; read_more_font=&#8221;|700||on|||||&#8221; read_more_text_color=&#8221;#B32646&#8243; read_more_font_size=&#8221;13px&#8221; read_more_letter_spacing=&#8221;1px&#8221; header_line_height_tablet=&#8221;1.1em&#8221; header_line_height_phone=&#8221;1.4em&#8221; header_line_height_last_edited=&#8221;on|phone&#8221; body_line_height_tablet=&#8221;&#8221; body_line_height_phone=&#8221;1.4em&#8221; body_line_height_last_edited=&#8221;on|phone&#8221; meta_line_height_tablet=&#8221;&#8221; meta_line_height_phone=&#8221;2em&#8221; meta_line_height_last_edited=&#8221;on|phone&#8221; read_more_line_height_tablet=&#8221;&#8221; read_more_line_height_phone=&#8221;3em&#8221; read_more_line_height_last_edited=&#8221;on|phone&#8221; border_color_all=&#8221;RGBA(255,255,255,0)&#8221; box_shadow_style=&#8221;preset3&#8243; box_shadow_vertical=&#8221;22px&#8221; box_shadow_blur=&#8221;27px&#8221; global_colors_info=&#8221;{}&#8221;][\/et_pb_blog][\/et_pb_column][\/et_pb_row][\/et_pb_section]<\/p>\n","protected":false},"excerpt":{"rendered":"<p>Innovaci\u00f3n y expansi\u00f3nNovedades en SD DireccionesSD Direcciones, con m\u00e1s de 30 a\u00f1os de trayectoria en el mercado argentino, contin\u00faa posicion\u00e1ndose como referente en repuestos y soluciones para sistemas de direcci\u00f3n hidr\u00e1ulica, mec\u00e1nica y asistida.<\/p>","protected":false},"author":1,"featured_media":0,"parent":0,"menu_order":0,"comment_status":"closed","ping_status":"closed","template":"","meta":{"_et_pb_use_builder":"on","_et_pb_old_content":"","_et_gb_content_width":"","_joinchat":[],"footnotes":""},"class_list":["post-3498","page","type-page","status-publish","hentry"],"yoast_head":"<!-- This site is optimized with the Yoast SEO plugin v27.4 - https:\/\/yoast.com\/product\/yoast-seo-wordpress\/ -->\n<title>Novedades sobre Direcciones Hidr\u00e1ulicas y Repuestos<\/title>\n<meta name=\"description\" content=\"Le\u00e9 las novedades de SD Direcciones sobre direcciones hidr\u00e1ulicas, repuestos automotrices, ferias del sector, innovaci\u00f3n y actualidad.\" \/>\n<meta name=\"robots\" content=\"index, follow, max-snippet:-1, max-image-preview:large, max-video-preview:-1\" \/>\n<link rel=\"canonical\" href=\"https:\/\/sddirecciones.com.ar\/en\/novedades\/\" \/>\n<meta property=\"og:locale\" content=\"en_US\" \/>\n<meta property=\"og:type\" content=\"article\" \/>\n<meta property=\"og:title\" content=\"Novedades sobre Direcciones Hidr\u00e1ulicas y Repuestos\" \/>\n<meta property=\"og:description\" content=\"Le\u00e9 las novedades de SD Direcciones sobre direcciones hidr\u00e1ulicas, repuestos automotrices, ferias del sector, innovaci\u00f3n y actualidad.\" \/>\n<meta property=\"og:url\" content=\"https:\/\/sddirecciones.com.ar\/en\/novedades\/\" \/>\n<meta property=\"og:site_name\" content=\"SD Direcciones\" \/>\n<meta property=\"article:modified_time\" content=\"2026-03-16T18:33:04+00:00\" \/>\n<meta property=\"og:image\" content=\"https:\/\/sddirecciones.com.ar\/wp-content\/uploads\/2025\/10\/logo.png\" \/>\n\t<meta property=\"og:image:width\" content=\"150\" \/>\n\t<meta property=\"og:image:height\" content=\"80\" \/>\n\t<meta property=\"og:image:type\" content=\"image\/png\" \/>\n<meta name=\"twitter:card\" content=\"summary_large_image\" \/>\n<meta name=\"twitter:label1\" content=\"Est. reading time\" \/>\n\t<meta name=\"twitter:data1\" content=\"5 minutes\" \/>\n<script type=\"application\/ld+json\" class=\"yoast-schema-graph\">{\"@context\":\"https:\\\/\\\/schema.org\",\"@graph\":[{\"@type\":\"WebPage\",\"@id\":\"https:\\\/\\\/sddirecciones.com.ar\\\/novedades\\\/\",\"url\":\"https:\\\/\\\/sddirecciones.com.ar\\\/novedades\\\/\",\"name\":\"Novedades sobre Direcciones Hidr\u00e1ulicas y Repuestos\",\"isPartOf\":{\"@id\":\"https:\\\/\\\/sddirecciones.com.ar\\\/#website\"},\"datePublished\":\"2026-02-11T18:01:38+00:00\",\"dateModified\":\"2026-03-16T18:33:04+00:00\",\"description\":\"Le\u00e9 las novedades de SD Direcciones sobre direcciones hidr\u00e1ulicas, repuestos automotrices, ferias del sector, innovaci\u00f3n y actualidad.\",\"breadcrumb\":{\"@id\":\"https:\\\/\\\/sddirecciones.com.ar\\\/novedades\\\/#breadcrumb\"},\"inLanguage\":\"en-US\",\"potentialAction\":[{\"@type\":\"ReadAction\",\"target\":[\"https:\\\/\\\/sddirecciones.com.ar\\\/novedades\\\/\"]}]},{\"@type\":\"BreadcrumbList\",\"@id\":\"https:\\\/\\\/sddirecciones.com.ar\\\/novedades\\\/#breadcrumb\",\"itemListElement\":[{\"@type\":\"ListItem\",\"position\":1,\"name\":\"Inicio\",\"item\":\"https:\\\/\\\/sddirecciones.com.ar\\\/\"},{\"@type\":\"ListItem\",\"position\":2,\"name\":\"Novedades\"}]},{\"@type\":\"WebSite\",\"@id\":\"https:\\\/\\\/sddirecciones.com.ar\\\/#website\",\"url\":\"https:\\\/\\\/sddirecciones.com.ar\\\/\",\"name\":\"SD Direcciones\",\"description\":\"Distribuci\u00f3n de Cremalleras hidr\u00e1ulicas, Bombas, Importados\",\"publisher\":{\"@id\":\"https:\\\/\\\/sddirecciones.com.ar\\\/#organization\"},\"potentialAction\":[{\"@type\":\"SearchAction\",\"target\":{\"@type\":\"EntryPoint\",\"urlTemplate\":\"https:\\\/\\\/sddirecciones.com.ar\\\/?s={search_term_string}\"},\"query-input\":{\"@type\":\"PropertyValueSpecification\",\"valueRequired\":true,\"valueName\":\"search_term_string\"}}],\"inLanguage\":\"en-US\"},{\"@type\":\"Organization\",\"@id\":\"https:\\\/\\\/sddirecciones.com.ar\\\/#organization\",\"name\":\"SD Direcciones\",\"url\":\"https:\\\/\\\/sddirecciones.com.ar\\\/\",\"logo\":{\"@type\":\"ImageObject\",\"inLanguage\":\"en-US\",\"@id\":\"https:\\\/\\\/sddirecciones.com.ar\\\/#\\\/schema\\\/logo\\\/image\\\/\",\"url\":\"\",\"contentUrl\":\"\",\"caption\":\"SD Direcciones\"},\"image\":{\"@id\":\"https:\\\/\\\/sddirecciones.com.ar\\\/#\\\/schema\\\/logo\\\/image\\\/\"},\"sameAs\":[\"https:\\\/\\\/www.instagram.com\\\/dr.federicococcaro\\\/\"]}]}<\/script>\n<!-- \/ Yoast SEO plugin. -->","yoast_head_json":{"title":"Novedades sobre Direcciones Hidr\u00e1ulicas y Repuestos","description":"Le\u00e9 las novedades de SD Direcciones sobre direcciones hidr\u00e1ulicas, repuestos automotrices, ferias del sector, innovaci\u00f3n y actualidad.","robots":{"index":"index","follow":"follow","max-snippet":"max-snippet:-1","max-image-preview":"max-image-preview:large","max-video-preview":"max-video-preview:-1"},"canonical":"https:\/\/sddirecciones.com.ar\/en\/novedades\/","og_locale":"en_US","og_type":"article","og_title":"Novedades sobre Direcciones Hidr\u00e1ulicas y Repuestos","og_description":"Le\u00e9 las novedades de SD Direcciones sobre direcciones hidr\u00e1ulicas, repuestos automotrices, ferias del sector, innovaci\u00f3n y actualidad.","og_url":"https:\/\/sddirecciones.com.ar\/en\/novedades\/","og_site_name":"SD Direcciones","article_modified_time":"2026-03-16T18:33:04+00:00","og_image":[{"width":150,"height":80,"url":"https:\/\/sddirecciones.com.ar\/wp-content\/uploads\/2025\/10\/logo.png","type":"image\/png"}],"twitter_card":"summary_large_image","twitter_misc":{"Est. reading time":"5 minutes"},"schema":{"@context":"https:\/\/schema.org","@graph":[{"@type":"WebPage","@id":"https:\/\/sddirecciones.com.ar\/novedades\/","url":"https:\/\/sddirecciones.com.ar\/novedades\/","name":"Novedades sobre Direcciones Hidr\u00e1ulicas y Repuestos","isPartOf":{"@id":"https:\/\/sddirecciones.com.ar\/#website"},"datePublished":"2026-02-11T18:01:38+00:00","dateModified":"2026-03-16T18:33:04+00:00","description":"Le\u00e9 las novedades de SD Direcciones sobre direcciones hidr\u00e1ulicas, repuestos automotrices, ferias del sector, innovaci\u00f3n y actualidad.","breadcrumb":{"@id":"https:\/\/sddirecciones.com.ar\/novedades\/#breadcrumb"},"inLanguage":"en-US","potentialAction":[{"@type":"ReadAction","target":["https:\/\/sddirecciones.com.ar\/novedades\/"]}]},{"@type":"BreadcrumbList","@id":"https:\/\/sddirecciones.com.ar\/novedades\/#breadcrumb","itemListElement":[{"@type":"ListItem","position":1,"name":"Inicio","item":"https:\/\/sddirecciones.com.ar\/"},{"@type":"ListItem","position":2,"name":"Novedades"}]},{"@type":"WebSite","@id":"https:\/\/sddirecciones.com.ar\/#website","url":"https:\/\/sddirecciones.com.ar\/","name":"SD Direcciones","description":"Distribuci\u00f3n de Cremalleras hidr\u00e1ulicas, Bombas, Importados","publisher":{"@id":"https:\/\/sddirecciones.com.ar\/#organization"},"potentialAction":[{"@type":"SearchAction","target":{"@type":"EntryPoint","urlTemplate":"https:\/\/sddirecciones.com.ar\/?s={search_term_string}"},"query-input":{"@type":"PropertyValueSpecification","valueRequired":true,"valueName":"search_term_string"}}],"inLanguage":"en-US"},{"@type":"Organization","@id":"https:\/\/sddirecciones.com.ar\/#organization","name":"SD Direcciones","url":"https:\/\/sddirecciones.com.ar\/","logo":{"@type":"ImageObject","inLanguage":"en-US","@id":"https:\/\/sddirecciones.com.ar\/#\/schema\/logo\/image\/","url":"","contentUrl":"","caption":"SD Direcciones"},"image":{"@id":"https:\/\/sddirecciones.com.ar\/#\/schema\/logo\/image\/"},"sameAs":["https:\/\/www.instagram.com\/dr.federicococcaro\/"]}]}},"_links":{"self":[{"href":"https:\/\/sddirecciones.com.ar\/en\/wp-json\/wp\/v2\/pages\/3498","targetHints":{"allow":["GET"]}}],"collection":[{"href":"https:\/\/sddirecciones.com.ar\/en\/wp-json\/wp\/v2\/pages"}],"about":[{"href":"https:\/\/sddirecciones.com.ar\/en\/wp-json\/wp\/v2\/types\/page"}],"author":[{"embeddable":true,"href":"https:\/\/sddirecciones.com.ar\/en\/wp-json\/wp\/v2\/users\/1"}],"replies":[{"embeddable":true,"href":"https:\/\/sddirecciones.com.ar\/en\/wp-json\/wp\/v2\/comments?post=3498"}],"version-history":[{"count":34,"href":"https:\/\/sddirecciones.com.ar\/en\/wp-json\/wp\/v2\/pages\/3498\/revisions"}],"predecessor-version":[{"id":3694,"href":"https:\/\/sddirecciones.com.ar\/en\/wp-json\/wp\/v2\/pages\/3498\/revisions\/3694"}],"wp:attachment":[{"href":"https:\/\/sddirecciones.com.ar\/en\/wp-json\/wp\/v2\/media?parent=3498"}],"curies":[{"name":"wp","href":"https:\/\/api.w.org\/{rel}","templated":true}]}}