{"id":3178,"date":"2025-12-22T15:10:05","date_gmt":"2025-12-22T18:10:05","guid":{"rendered":"http:\/\/sddirecciones.com.ar\/?page_id=3178"},"modified":"2026-03-16T15:29:20","modified_gmt":"2026-03-16T18:29:20","slug":"faq","status":"publish","type":"page","link":"https:\/\/sddirecciones.com.ar\/en\/faq\/","title":{"rendered":"FAQ"},"content":{"rendered":"<p>[et_pb_section fb_built=&#8221;1&#8243; specialty=&#8221;on&#8221; admin_label=&#8221;FAQ&#8221; _builder_version=&#8221;4.27.5&#8243; background_color=&#8221;#eaeaf1&#8243; background_image=&#8221;https:\/\/sddirecciones.com.ar\/wp-content\/uploads\/2025\/10\/mechanic-80.png&#8221; background_size=&#8221;contain&#8221; background_position=&#8221;bottom_right&#8221; custom_padding=&#8221;12vw||14vw||false|false&#8221; global_colors_info=&#8221;{}&#8221;][et_pb_column type=&#8221;1_2&#8243; specialty_columns=&#8221;2&#8243; _builder_version=&#8221;4.16&#8243; custom_padding=&#8221;|||&#8221; global_colors_info=&#8221;{}&#8221; custom_padding__hover=&#8221;|||&#8221;][et_pb_row_inner _builder_version=&#8221;4.16&#8243; global_colors_info=&#8221;{}&#8221;][et_pb_column_inner saved_specialty_column_type=&#8221;1_2&#8243; _builder_version=&#8221;4.16&#8243; custom_padding=&#8221;|||&#8221; global_colors_info=&#8221;{}&#8221; custom_padding__hover=&#8221;|||&#8221;][et_pb_text _builder_version=&#8221;4.27.5&#8243; header_font=&#8221;&#8211;et_global_heading_font|300||on|||||&#8221; header_text_align=&#8221;left&#8221; header_text_color=&#8221;#2589BB&#8221; header_font_size=&#8221;58px&#8221; header_line_height=&#8221;1.2em&#8221; transform_skew_linked=&#8221;off&#8221; custom_margin=&#8221;5px|0px|0px||false|false&#8221; custom_padding=&#8221;|0px|0px||false|false&#8221; animation_style=&#8221;slide&#8221; animation_direction=&#8221;left&#8221; header_font_size_tablet=&#8221;100px&#8221; header_font_size_phone=&#8221;50px&#8221; header_font_size_last_edited=&#8221;on|phone&#8221; locked=&#8221;off&#8221; global_colors_info=&#8221;{}&#8221;]<\/p>\n<h1 class=\"p1\"><b>faq&#8217;s<\/b><\/h1>\n<p>[\/et_pb_text][\/et_pb_column_inner][\/et_pb_row_inner][et_pb_row_inner _builder_version=&#8221;4.16&#8243; background_color=&#8221;#ffffff&#8221; custom_margin_tablet=&#8221;0vw||&#8221; custom_margin_last_edited=&#8221;off|tablet&#8221; custom_padding=&#8221;0|0|0px|0px|false|false&#8221; box_shadow_style=&#8221;preset2&#8243; box_shadow_vertical=&#8221;28px&#8221; box_shadow_blur=&#8221;40px&#8221; box_shadow_color=&#8221;rgba(0,0,0,0.1)&#8221; global_colors_info=&#8221;{}&#8221;][et_pb_column_inner saved_specialty_column_type=&#8221;1_2&#8243; _builder_version=&#8221;4.16&#8243; custom_padding=&#8221;|||&#8221; global_colors_info=&#8221;{}&#8221; custom_padding__hover=&#8221;|||&#8221;][et_pb_accordion open_toggle_text_color=&#8221;#2589BB&#8221; closed_toggle_text_color=&#8221;#2589BB&#8221; closed_toggle_background_color=&#8221;#FFFFFF&#8221; icon_color=&#8221;#000000&#8243; admin_label=&#8221;Accordion&#8221; _builder_version=&#8221;4.27.5&#8243; toggle_font=&#8221;&#8211;et_global_body_font|600|||||||&#8221; toggle_font_size=&#8221;20px&#8221; toggle_line_height=&#8221;1.3em&#8221; closed_toggle_font=&#8221;&#8211;et_global_body_font|600|||||||&#8221; closed_toggle_font_size=&#8221;20px&#8221; closed_toggle_line_height=&#8221;1.3em&#8221; body_font=&#8221;||||||||&#8221; body_line_height=&#8221;1.4em&#8221; custom_margin=&#8221;|||&#8221; custom_padding=&#8221;10px||10px||true|false&#8221; toggle_font_size_tablet=&#8221;&#8221; toggle_font_size_phone=&#8221;20px&#8221; toggle_font_size_last_edited=&#8221;on|desktop&#8221; toggle_line_height_tablet=&#8221;1.3em&#8221; toggle_line_height_phone=&#8221;1.2em&#8221; toggle_line_height_last_edited=&#8221;on|phone&#8221; border_width_all=&#8221;0px&#8221; border_color_all=&#8221;#f71635&#8243; border_width_bottom=&#8221;2px&#8221; border_color_bottom=&#8221;rgba(0,0,0,0.12)&#8221; global_colors_info=&#8221;{}&#8221;][et_pb_accordion_item title=&#8221;\u00bfTrabajan con repuestos originales y alternativos?&#8221; open=&#8221;on&#8221; _builder_version=&#8221;4.27.5&#8243; body_line_height=&#8221;1.5em&#8221; custom_margin=&#8221;||0px&#8221; custom_padding=&#8221;30px|30px|30px|30px|true|true&#8221; global_colors_info=&#8221;{}&#8221;]<\/p>\n<p>S\u00ed. En SD Direcciones ofrecemos repuestos <strong>originales y alternativos<\/strong> provenientes de proveedores confiables y seleccionados bajo estrictos criterios de calidad y disponibilidad.<br \/>Nuestras cremalleras est\u00e1n <strong>certificadas por el INTI<\/strong>, ya que son consideradas un elemento cr\u00edtico de seguridad..<\/p>\n<p>[\/et_pb_accordion_item][et_pb_accordion_item title=&#8221;\u00bfCu\u00e1l es el origen de los repuestos?&#8221; _builder_version=&#8221;4.27.5&#8243; body_line_height=&#8221;1.5em&#8221; custom_margin=&#8221;||0px&#8221; custom_padding=&#8221;30px|30px|30px|30px|true|true&#8221; global_colors_info=&#8221;{}&#8221; open=&#8221;off&#8221;]<\/p>\n<p>Nuestro cat\u00e1logo incluye repuestos de <strong>producci\u00f3n nacional<\/strong>, as\u00ed como productos importados desde <strong>Brasil y China<\/strong>, siempre seleccionados por su confiabilidad, rendimiento y compatibilidad.<br \/>La elecci\u00f3n de cada proveedor responde a un proceso de evaluaci\u00f3n t\u00e9cnica, garantizando <strong>calidad, trazabilidad y disponibilidad constante.<\/strong><\/p>\n<p>[\/et_pb_accordion_item][et_pb_accordion_item title=&#8221;\u00bfLos productos cuentan con garant\u00eda?&#8221; _builder_version=&#8221;4.27.5&#8243; body_line_height=&#8221;1.5em&#8221; custom_margin=&#8221;||0px&#8221; custom_padding=&#8221;30px|30px|30px|30px|true|true&#8221; global_colors_info=&#8221;{}&#8221; open=&#8221;off&#8221;]<\/p>\n<p>S\u00ed. Todos nuestros repuestos cuentan con <strong>garant\u00eda respaldada por SD Direcciones.<\/strong><br \/>En caso de fallas de fabricaci\u00f3n, el producto ser\u00e1 evaluado por nuestro equipo t\u00e9cnico y, de corresponder, se realizar\u00e1 el <strong>reemplazo correspondiente<\/strong>, brindando seguridad y tranquilidad en cada compra.<br \/>? Pod\u00e9s consultar el detalle completo en la secci\u00f3n <a href=\"https:\/\/sddirecciones.com.ar\/garantia\"><strong>Garant\u00eda<\/strong><\/a>.<\/p>\n<p>[\/et_pb_accordion_item][et_pb_accordion_item title=&#8221;\u00bfCu\u00e1les son las formas de pago disponibles?&#8221; _builder_version=&#8221;4.27.5&#8243; body_line_height=&#8221;1.5em&#8221; custom_margin=&#8221;||0px&#8221; custom_padding=&#8221;30px|30px|30px|30px|true|true&#8221; global_colors_info=&#8221;{}&#8221; open=&#8221;off&#8221;]<\/p>\n<p>Disponemos de <strong>m\u00faltiples alternativas de pago<\/strong> para adaptarnos a las necesidades de cada cliente:<\/p>\n<ul>\n<li>Efectivo<\/li>\n<li>Transferencia bancaria<\/li>\n<\/ul>\n<p>Adem\u00e1s, ofrecemos <strong>planes de financiaci\u00f3n<\/strong>, pensados especialmente para talleres y repuesteros.<\/p>\n<p>[\/et_pb_accordion_item][et_pb_accordion_item title=&#8221;\u00bfC\u00f3mo es el proceso de env\u00edo?&#8221; _builder_version=&#8221;4.27.5&#8243; body_line_height=&#8221;1.5em&#8221; custom_margin=&#8221;||0px&#8221; custom_padding=&#8221;30px|30px|30px|30px|true|true&#8221; global_colors_info=&#8221;{}&#8221; open=&#8221;off&#8221;]<\/p>\n<p>Nuestro servicio de log\u00edstica est\u00e1 dise\u00f1ado para garantizar entregas r\u00e1pidas y coordinadas.<\/p>\n<ul>\n<li><strong>CABA y AMBA:<\/strong> env\u00edos por moto mensajer\u00eda y reparto diario.<\/li>\n<li><strong>Interior del pa\u00eds:<\/strong> despachos a todo el pa\u00eds mediante transportes de confianza.<\/li>\n<\/ul>\n<p>Una vez confirmada la nota de pedido, coordinamos junto al cliente la modalidad de env\u00edo m\u00e1s conveniente.<\/p>\n<p>? Pod\u00e9s ver el detalle completo en la secci\u00f3n <strong><a href=\"https:\/\/sddirecciones.com.ar\/envios\">Env\u00edos<\/a><\/strong>.<\/p>\n<p>[\/et_pb_accordion_item][\/et_pb_accordion][\/et_pb_column_inner][\/et_pb_row_inner][et_pb_row_inner _builder_version=&#8221;4.27.5&#8243; _module_preset=&#8221;default&#8221; global_colors_info=&#8221;{}&#8221;][et_pb_column_inner saved_specialty_column_type=&#8221;1_2&#8243; _builder_version=&#8221;4.27.5&#8243; _module_preset=&#8221;default&#8221; global_colors_info=&#8221;{}&#8221;][et_pb_button button_url=&#8221;@ET-DC@eyJkeW5hbWljIjp0cnVlLCJjb250ZW50IjoicG9zdF9saW5rX3VybF9wYWdlIiwic2V0dGluZ3MiOnsicG9zdF9pZCI6IjMwMTIifX0=@&#8221; button_text=&#8221;Consultar un producto&#8221; button_alignment=&#8221;left&#8221; button_alignment_tablet=&#8221;left&#8221; button_alignment_phone=&#8221;center&#8221; button_alignment_last_edited=&#8221;on|phone&#8221; _builder_version=&#8221;4.27.5&#8243; _dynamic_attributes=&#8221;button_url&#8221; button_icon=&#8221;&#x45;||divi||400&#8243; button_on_hover=&#8221;off&#8221; transform_skew_linked=&#8221;off&#8221; custom_margin=&#8221;||||false|false&#8221; custom_margin_tablet=&#8221;||||false|false&#8221; custom_margin_phone=&#8221;15px||||false|false&#8221; custom_margin_last_edited=&#8221;on|phone&#8221; custom_padding=&#8221;15px|40px|15px|30px|true|false&#8221; animation_style=&#8221;bounce&#8221; animation_delay=&#8221;850ms&#8221; locked=&#8221;off&#8221; global_colors_info=&#8221;{}&#8221; button_bg_color__hover_enabled=&#8221;on&#8221; button_bg_color__hover=&#8221;#d10026&#8243;][\/et_pb_button][\/et_pb_column_inner][\/et_pb_row_inner][\/et_pb_column][et_pb_column type=&#8221;1_2&#8243; _builder_version=&#8221;4.16&#8243; custom_padding=&#8221;|||&#8221; global_colors_info=&#8221;{}&#8221; custom_padding__hover=&#8221;|||&#8221;][et_pb_cta title=&#8221;Preguntas frecuentes&#8221; button_url=&#8221;https:\/\/api.whatsapp.com\/send?phone=5491121751923&#8243; button_text=&#8221;Contactar a un asesor&#8221; _builder_version=&#8221;4.27.5&#8243; header_font=&#8221;&#8211;et_global_body_font|700|||||||&#8221; header_text_align=&#8221;left&#8221; header_text_color=&#8221;#ffffff&#8221; header_font_size=&#8221;42px&#8221; header_letter_spacing=&#8221;-0.7px&#8221; body_font=&#8221;||||||||&#8221; body_text_align=&#8221;left&#8221; body_line_height=&#8221;1.4em&#8221; background_enable_color=&#8221;off&#8221; use_background_color=&#8221;off&#8221; use_background_color_gradient=&#8221;on&#8221; background_color_gradient_direction=&#8221;273deg&#8221; background_color_gradient_stops=&#8221;#20558a 0%|#46b1db 100%&#8221; background_color_gradient_overlays_image=&#8221;on&#8221; background_color_gradient_start=&#8221;#f71635&#8243; background_color_gradient_end=&#8221;rgba(247,22,53,0.79)&#8221; background_image=&#8221;https:\/\/sddirecciones.com.ar\/wp-content\/uploads\/2025\/10\/mechanic-05.jpg&#8221; custom_button=&#8221;on&#8221; button_text_size=&#8221;13px&#8221; button_text_color=&#8221;#ffffff&#8221; button_bg_color=&#8221;rgba(255,255,255,0)&#8221; button_border_width=&#8221;1px&#8221; button_border_color=&#8221;#ffffff&#8221; button_border_radius=&#8221;25px&#8221; button_letter_spacing=&#8221;3px&#8221; button_font=&#8221;|700||on|||||&#8221; button_icon=&#8221;&#x45;||divi||400&#8243; button_on_hover=&#8221;off&#8221; button_custom_margin=&#8221;10px||||false|false&#8221; button_custom_padding=&#8221;12px|40px|12px|24px|true|false&#8221; custom_margin=&#8221;||||false|false&#8221; custom_margin_tablet=&#8221;-40vw||&#8221; custom_margin_phone=&#8221;|0px||0px|false|true&#8221; custom_margin_last_edited=&#8221;on|tablet&#8221; custom_padding=&#8221;45px|42px|45px|42px|true|true&#8221; custom_padding_tablet=&#8221;60px|50px|60px|50px|true|true&#8221; custom_padding_phone=&#8221;30px|20px|30px|20px|true|true&#8221; custom_padding_last_edited=&#8221;on|phone&#8221; animation_style=&#8221;slide&#8221; animation_direction=&#8221;right&#8221; header_font_size_tablet=&#8221;40px&#8221; header_font_size_phone=&#8221;30px&#8221; header_font_size_last_edited=&#8221;on|desktop&#8221; button_letter_spacing_tablet=&#8221;3px&#8221; button_letter_spacing_phone=&#8221;0px&#8221; button_letter_spacing_last_edited=&#8221;on|phone&#8221; box_shadow_style=&#8221;preset2&#8243; box_shadow_vertical=&#8221;28px&#8221; box_shadow_blur=&#8221;40px&#8221; box_shadow_color=&#8221;rgba(0,0,0,0.1)&#8221; locked=&#8221;off&#8221; global_colors_info=&#8221;{}&#8221; button_bg_color__hover=&#8221;#2589BB&#8221; button_bg_color__hover_enabled=&#8221;on|desktop&#8221; button_text_size__hover=&#8221;13px&#8221; button_text_size__hover_enabled=&#8221;on|hover&#8221; button_text_color__hover=&#8221;#FFFFFF&#8221; button_text_color__hover_enabled=&#8221;on|hover&#8221; button_border_width__hover=&#8221;1px&#8221; button_border_width__hover_enabled=&#8221;on|hover&#8221; button_border_color__hover=&#8221;#FFFFFF&#8221; button_border_color__hover_enabled=&#8221;on|hover&#8221;]<\/p>\n<p>En SD Direcciones creemos que la confianza tambi\u00e9n se construye con informaci\u00f3n clara.<br \/>Por eso respondemos las consultas m\u00e1s habituales sobre nuestros productos, garant\u00edas, env\u00edos y formas de pago.<br \/>Si necesit\u00e1s m\u00e1s informaci\u00f3n, nuestro equipo est\u00e1 disponible para asesorarte.<\/p>\n<p><span style=\"font-weight: 400; font-size: 20px;\"><b>Ten\u00e9s otra consulta?<\/b><\/span><\/p>\n<p><span style=\"font-weight: 400;\">Nuestro equipo est\u00e1 listo para ayudarte a encontrar la soluci\u00f3n m\u00e1s adecuada para tu necesidad.<\/span><\/p>\n<p>[\/et_pb_cta][\/et_pb_column][\/et_pb_section]<\/p>\n","protected":false},"excerpt":{"rendered":"<p>faq&#8217;sS\u00ed. En SD Direcciones ofrecemos repuestos originales y alternativos provenientes de proveedores confiables y seleccionados bajo estrictos criterios de calidad y disponibilidad.Nuestras cremalleras est\u00e1n certificadas por el INTI, ya que son consideradas un elemento cr\u00edtico de seguridad..Nuestro cat\u00e1logo incluye repuestos de producci\u00f3n nacional, as\u00ed como productos importados desde Brasil y China, siempre seleccionados por su [&hellip;]<\/p>\n","protected":false},"author":1,"featured_media":0,"parent":0,"menu_order":0,"comment_status":"closed","ping_status":"closed","template":"","meta":{"_et_pb_use_builder":"on","_et_pb_old_content":"","_et_gb_content_width":"","_joinchat":[],"footnotes":""},"class_list":["post-3178","page","type-page","status-publish","hentry"],"yoast_head":"<!-- This site is optimized with the Yoast SEO plugin v27.4 - https:\/\/yoast.com\/product\/yoast-seo-wordpress\/ -->\n<title>Preguntas Frecuentes sobre Repuestos para Direcciones<\/title>\n<meta name=\"description\" content=\"Respondemos las preguntas frecuentes sobre repuestos para direcciones, garant\u00eda, env\u00edos, formas de pago y origen de los productos.\" \/>\n<meta name=\"robots\" content=\"index, follow, max-snippet:-1, max-image-preview:large, max-video-preview:-1\" \/>\n<link rel=\"canonical\" href=\"https:\/\/sddirecciones.com.ar\/en\/faq\/\" \/>\n<meta property=\"og:locale\" content=\"en_US\" \/>\n<meta property=\"og:type\" content=\"article\" \/>\n<meta property=\"og:title\" content=\"Preguntas Frecuentes sobre Repuestos para Direcciones\" \/>\n<meta property=\"og:description\" content=\"Respondemos las preguntas frecuentes sobre repuestos para direcciones, garant\u00eda, env\u00edos, formas de pago y origen de los productos.\" \/>\n<meta property=\"og:url\" content=\"https:\/\/sddirecciones.com.ar\/en\/faq\/\" \/>\n<meta property=\"og:site_name\" content=\"SD Direcciones\" \/>\n<meta property=\"article:modified_time\" content=\"2026-03-16T18:29:20+00:00\" \/>\n<meta property=\"og:image\" content=\"https:\/\/sddirecciones.com.ar\/wp-content\/uploads\/2025\/10\/logo.png\" \/>\n\t<meta property=\"og:image:width\" content=\"150\" \/>\n\t<meta property=\"og:image:height\" content=\"80\" \/>\n\t<meta property=\"og:image:type\" content=\"image\/png\" \/>\n<meta name=\"twitter:card\" content=\"summary_large_image\" \/>\n<meta name=\"twitter:label1\" content=\"Est. reading time\" \/>\n\t<meta name=\"twitter:data1\" content=\"2 minutes\" \/>\n<script type=\"application\/ld+json\" class=\"yoast-schema-graph\">{\"@context\":\"https:\\\/\\\/schema.org\",\"@graph\":[{\"@type\":\"WebPage\",\"@id\":\"https:\\\/\\\/sddirecciones.com.ar\\\/faq\\\/\",\"url\":\"https:\\\/\\\/sddirecciones.com.ar\\\/faq\\\/\",\"name\":\"Preguntas Frecuentes sobre Repuestos para Direcciones\",\"isPartOf\":{\"@id\":\"https:\\\/\\\/sddirecciones.com.ar\\\/#website\"},\"datePublished\":\"2025-12-22T18:10:05+00:00\",\"dateModified\":\"2026-03-16T18:29:20+00:00\",\"description\":\"Respondemos las preguntas frecuentes sobre repuestos para direcciones, garant\u00eda, env\u00edos, formas de pago y origen de los productos.\",\"breadcrumb\":{\"@id\":\"https:\\\/\\\/sddirecciones.com.ar\\\/faq\\\/#breadcrumb\"},\"inLanguage\":\"en-US\",\"potentialAction\":[{\"@type\":\"ReadAction\",\"target\":[\"https:\\\/\\\/sddirecciones.com.ar\\\/faq\\\/\"]}]},{\"@type\":\"BreadcrumbList\",\"@id\":\"https:\\\/\\\/sddirecciones.com.ar\\\/faq\\\/#breadcrumb\",\"itemListElement\":[{\"@type\":\"ListItem\",\"position\":1,\"name\":\"Inicio\",\"item\":\"https:\\\/\\\/sddirecciones.com.ar\\\/\"},{\"@type\":\"ListItem\",\"position\":2,\"name\":\"FAQ\"}]},{\"@type\":\"WebSite\",\"@id\":\"https:\\\/\\\/sddirecciones.com.ar\\\/#website\",\"url\":\"https:\\\/\\\/sddirecciones.com.ar\\\/\",\"name\":\"SD Direcciones\",\"description\":\"Distribuci\u00f3n de Cremalleras hidr\u00e1ulicas, Bombas, Importados\",\"publisher\":{\"@id\":\"https:\\\/\\\/sddirecciones.com.ar\\\/#organization\"},\"potentialAction\":[{\"@type\":\"SearchAction\",\"target\":{\"@type\":\"EntryPoint\",\"urlTemplate\":\"https:\\\/\\\/sddirecciones.com.ar\\\/?s={search_term_string}\"},\"query-input\":{\"@type\":\"PropertyValueSpecification\",\"valueRequired\":true,\"valueName\":\"search_term_string\"}}],\"inLanguage\":\"en-US\"},{\"@type\":\"Organization\",\"@id\":\"https:\\\/\\\/sddirecciones.com.ar\\\/#organization\",\"name\":\"SD Direcciones\",\"url\":\"https:\\\/\\\/sddirecciones.com.ar\\\/\",\"logo\":{\"@type\":\"ImageObject\",\"inLanguage\":\"en-US\",\"@id\":\"https:\\\/\\\/sddirecciones.com.ar\\\/#\\\/schema\\\/logo\\\/image\\\/\",\"url\":\"\",\"contentUrl\":\"\",\"caption\":\"SD Direcciones\"},\"image\":{\"@id\":\"https:\\\/\\\/sddirecciones.com.ar\\\/#\\\/schema\\\/logo\\\/image\\\/\"},\"sameAs\":[\"https:\\\/\\\/www.instagram.com\\\/dr.federicococcaro\\\/\"]}]}<\/script>\n<!-- \/ Yoast SEO plugin. -->","yoast_head_json":{"title":"Preguntas Frecuentes sobre Repuestos para Direcciones","description":"Respondemos las preguntas frecuentes sobre repuestos para direcciones, garant\u00eda, env\u00edos, formas de pago y origen de los productos.","robots":{"index":"index","follow":"follow","max-snippet":"max-snippet:-1","max-image-preview":"max-image-preview:large","max-video-preview":"max-video-preview:-1"},"canonical":"https:\/\/sddirecciones.com.ar\/en\/faq\/","og_locale":"en_US","og_type":"article","og_title":"Preguntas Frecuentes sobre Repuestos para Direcciones","og_description":"Respondemos las preguntas frecuentes sobre repuestos para direcciones, garant\u00eda, env\u00edos, formas de pago y origen de los productos.","og_url":"https:\/\/sddirecciones.com.ar\/en\/faq\/","og_site_name":"SD Direcciones","article_modified_time":"2026-03-16T18:29:20+00:00","og_image":[{"width":150,"height":80,"url":"https:\/\/sddirecciones.com.ar\/wp-content\/uploads\/2025\/10\/logo.png","type":"image\/png"}],"twitter_card":"summary_large_image","twitter_misc":{"Est. reading time":"2 minutes"},"schema":{"@context":"https:\/\/schema.org","@graph":[{"@type":"WebPage","@id":"https:\/\/sddirecciones.com.ar\/faq\/","url":"https:\/\/sddirecciones.com.ar\/faq\/","name":"Preguntas Frecuentes sobre Repuestos para Direcciones","isPartOf":{"@id":"https:\/\/sddirecciones.com.ar\/#website"},"datePublished":"2025-12-22T18:10:05+00:00","dateModified":"2026-03-16T18:29:20+00:00","description":"Respondemos las preguntas frecuentes sobre repuestos para direcciones, garant\u00eda, env\u00edos, formas de pago y origen de los productos.","breadcrumb":{"@id":"https:\/\/sddirecciones.com.ar\/faq\/#breadcrumb"},"inLanguage":"en-US","potentialAction":[{"@type":"ReadAction","target":["https:\/\/sddirecciones.com.ar\/faq\/"]}]},{"@type":"BreadcrumbList","@id":"https:\/\/sddirecciones.com.ar\/faq\/#breadcrumb","itemListElement":[{"@type":"ListItem","position":1,"name":"Inicio","item":"https:\/\/sddirecciones.com.ar\/"},{"@type":"ListItem","position":2,"name":"FAQ"}]},{"@type":"WebSite","@id":"https:\/\/sddirecciones.com.ar\/#website","url":"https:\/\/sddirecciones.com.ar\/","name":"SD Direcciones","description":"Distribuci\u00f3n de Cremalleras hidr\u00e1ulicas, Bombas, Importados","publisher":{"@id":"https:\/\/sddirecciones.com.ar\/#organization"},"potentialAction":[{"@type":"SearchAction","target":{"@type":"EntryPoint","urlTemplate":"https:\/\/sddirecciones.com.ar\/?s={search_term_string}"},"query-input":{"@type":"PropertyValueSpecification","valueRequired":true,"valueName":"search_term_string"}}],"inLanguage":"en-US"},{"@type":"Organization","@id":"https:\/\/sddirecciones.com.ar\/#organization","name":"SD Direcciones","url":"https:\/\/sddirecciones.com.ar\/","logo":{"@type":"ImageObject","inLanguage":"en-US","@id":"https:\/\/sddirecciones.com.ar\/#\/schema\/logo\/image\/","url":"","contentUrl":"","caption":"SD Direcciones"},"image":{"@id":"https:\/\/sddirecciones.com.ar\/#\/schema\/logo\/image\/"},"sameAs":["https:\/\/www.instagram.com\/dr.federicococcaro\/"]}]}},"_links":{"self":[{"href":"https:\/\/sddirecciones.com.ar\/en\/wp-json\/wp\/v2\/pages\/3178","targetHints":{"allow":["GET"]}}],"collection":[{"href":"https:\/\/sddirecciones.com.ar\/en\/wp-json\/wp\/v2\/pages"}],"about":[{"href":"https:\/\/sddirecciones.com.ar\/en\/wp-json\/wp\/v2\/types\/page"}],"author":[{"embeddable":true,"href":"https:\/\/sddirecciones.com.ar\/en\/wp-json\/wp\/v2\/users\/1"}],"replies":[{"embeddable":true,"href":"https:\/\/sddirecciones.com.ar\/en\/wp-json\/wp\/v2\/comments?post=3178"}],"version-history":[{"count":29,"href":"https:\/\/sddirecciones.com.ar\/en\/wp-json\/wp\/v2\/pages\/3178\/revisions"}],"predecessor-version":[{"id":3691,"href":"https:\/\/sddirecciones.com.ar\/en\/wp-json\/wp\/v2\/pages\/3178\/revisions\/3691"}],"wp:attachment":[{"href":"https:\/\/sddirecciones.com.ar\/en\/wp-json\/wp\/v2\/media?parent=3178"}],"curies":[{"name":"wp","href":"https:\/\/api.w.org\/{rel}","templated":true}]}}