{"id":2959,"date":"2025-12-17T11:08:51","date_gmt":"2025-12-17T14:08:51","guid":{"rendered":"http:\/\/sddirecciones.com.ar\/?page_id=2959"},"modified":"2026-03-16T15:24:36","modified_gmt":"2026-03-16T18:24:36","slug":"empresa","status":"publish","type":"page","link":"https:\/\/sddirecciones.com.ar\/en\/empresa\/","title":{"rendered":"Empresa"},"content":{"rendered":"<p>[et_pb_section fb_built=&#8221;1&#8243; specialty=&#8221;on&#8221; custom_padding_last_edited=&#8221;on|desktop&#8221; padding_top_1=&#8221;0px&#8221; padding_2_tablet=&#8221;|||10vw&#8221; padding_2_phone=&#8221;|15px||15px|false|true&#8221; padding_2_last_edited=&#8221;on|tablet&#8221; admin_label=&#8221;Header&#8221; _builder_version=&#8221;4.27.5&#8243; background_color=&#8221;#eaeaf1&#8243; inner_width=&#8221;100%&#8221; inner_max_width=&#8221;100%&#8221; custom_margin=&#8221;25px||0px||false|false&#8221; custom_margin_tablet=&#8221;25px||0px||false|false&#8221; custom_margin_phone=&#8221;25px|0px|0px|0px|false|true&#8221; custom_margin_last_edited=&#8221;on|phone&#8221; custom_padding=&#8221;0px|10vw|0px||false|false&#8221; custom_padding_tablet=&#8221;|||&#8221; custom_padding_phone=&#8221;|0px||0px|false|true&#8221; module_alignment_tablet=&#8221;&#8221; module_alignment_phone=&#8221;center&#8221; module_alignment_last_edited=&#8221;on|phone&#8221; inner_module_alignment_tablet=&#8221;&#8221; inner_module_alignment_phone=&#8221;&#8221; inner_module_alignment_last_edited=&#8221;on|phone&#8221; locked=&#8221;off&#8221; global_colors_info=&#8221;{}&#8221;][et_pb_column type=&#8221;1_2&#8243; _builder_version=&#8221;4.16&#8243; custom_padding=&#8221;|||&#8221; global_colors_info=&#8221;{}&#8221; custom_padding__hover=&#8221;|||&#8221;][et_pb_image src=&#8221;https:\/\/sddirecciones.com.ar\/wp-content\/uploads\/2025\/12\/mechanic-73.png&#8221; align_tablet=&#8221;center&#8221; align_phone=&#8221;center&#8221; align_last_edited=&#8221;on|desktop&#8221; _builder_version=&#8221;4.27.5&#8243; background_image=&#8221;https:\/\/sddirecciones.com.ar\/wp-content\/uploads\/2026\/01\/Foto.NuestraEmpresa.jpg&#8221; background_size=&#8221;custom&#8221; background_image_width=&#8221;1000px&#8221; background_position=&#8221;top_left&#8221; custom_margin=&#8221;|-50vw|0px||false|false&#8221; custom_margin_tablet=&#8221;|0vw||&#8221; custom_margin_phone=&#8221;15vw||||false|false&#8221; custom_margin_last_edited=&#8221;on|desktop&#8221; custom_padding=&#8221;||0px||false|false&#8221; locked=&#8221;off&#8221; global_colors_info=&#8221;{}&#8221;][\/et_pb_image][\/et_pb_column][et_pb_column type=&#8221;1_2&#8243; specialty_columns=&#8221;2&#8243; _builder_version=&#8221;4.16&#8243; custom_padding=&#8221;|||&#8221; global_colors_info=&#8221;{}&#8221; custom_padding__hover=&#8221;|||&#8221;][et_pb_row_inner use_custom_gutter=&#8221;on&#8221; custom_padding_last_edited=&#8221;on|phone&#8221; _builder_version=&#8221;4.27.5&#8243; background_enable_color=&#8221;off&#8221; use_background_color_gradient=&#8221;on&#8221; background_color_gradient_direction=&#8221;273deg&#8221; background_color_gradient_stops=&#8221;#20558a 0%|#46b1db 100%&#8221; width_tablet=&#8221;&#8221; width_phone=&#8221;100%&#8221; width_last_edited=&#8221;on|phone&#8221; max_width=&#8221;630px&#8221; max_width_tablet=&#8221;600px&#8221; max_width_phone=&#8221;100%&#8221; max_width_last_edited=&#8221;on|phone&#8221; custom_margin=&#8221;10vw|||-50px|false|false&#8221; custom_margin_tablet=&#8221;-40vw||&#8221; custom_margin_phone=&#8221;|0px||0px|false|true&#8221; custom_margin_last_edited=&#8221;on|tablet&#8221; custom_padding=&#8221;50px|60px|50px|60px|true|false&#8221; custom_padding_tablet=&#8221;60px|50px|60px|50px|true|true&#8221; custom_padding_phone=&#8221;30px|20px|30px|20px|true|true&#8221; module_alignment_tablet=&#8221;&#8221; module_alignment_phone=&#8221;left&#8221; module_alignment_last_edited=&#8221;on|phone&#8221; box_shadow_style=&#8221;preset2&#8243; box_shadow_vertical=&#8221;28px&#8221; box_shadow_blur=&#8221;40px&#8221; box_shadow_color=&#8221;rgba(0,0,0,0.1)&#8221; global_colors_info=&#8221;{}&#8221;][et_pb_column_inner saved_specialty_column_type=&#8221;1_2&#8243; _builder_version=&#8221;4.27.5&#8243; custom_padding=&#8221;||||false|false&#8221; global_colors_info=&#8221;{}&#8221; custom_padding__hover=&#8221;|||&#8221;][et_pb_text _builder_version=&#8221;4.27.5&#8243; header_font=&#8221;&#8211;et_global_body_font|700|||||||&#8221; header_text_align=&#8221;left&#8221; header_text_color=&#8221;#FFFFFF&#8221; header_font_size=&#8221;58px&#8221; header_line_height=&#8221;1.2em&#8221; transform_skew_linked=&#8221;off&#8221; custom_margin=&#8221;5px|0px|0px||false|false&#8221; custom_padding=&#8221;|0px|0px||false|false&#8221; animation_style=&#8221;slide&#8221; animation_direction=&#8221;left&#8221; header_font_size_tablet=&#8221;100px&#8221; header_font_size_phone=&#8221;41px&#8221; header_font_size_last_edited=&#8221;on|phone&#8221; locked=&#8221;off&#8221; global_colors_info=&#8221;{}&#8221;]<\/p>\n<h1>Nuestra empresa<\/h1>\n<p>[\/et_pb_text][et_pb_text _builder_version=&#8221;4.27.5&#8243; text_font=&#8221;||||||||&#8221; text_line_height=&#8221;1.4em&#8221; header_font=&#8221;&#8211;et_global_body_font|600|||||||&#8221; header_text_color=&#8221;#FFFFFF&#8221; background_layout=&#8221;dark&#8221; locked=&#8221;off&#8221; global_colors_info=&#8221;{}&#8221;]<\/p>\n<p class=\"p1\"><strong>SD Direcciones<\/strong> es una empresa argentina con una s\u00f3lida trayectoria en el mercado de repuestos para direcciones hidr\u00e1ulicas, mec\u00e1nicas y electroasistidas.<\/p>\n<p class=\"p1\">A lo largo de m\u00e1s de tres d\u00e9cadas, evolucionamos desde el conocimiento t\u00e9cnico hacia una gesti\u00f3n profesional, consolid\u00e1ndonos como <span class=\"s1\"><b>importadores y distribuidores especializados<\/b><\/span>, con cobertura en todo el pa\u00eds.<\/p>\n<p>[\/et_pb_text][et_pb_text _builder_version=&#8221;4.27.5&#8243; text_font=&#8221;||||||||&#8221; text_line_height=&#8221;1.4em&#8221; header_font=&#8221;&#8211;et_global_body_font|600|||||||&#8221; header_text_color=&#8221;#FFFFFF&#8221; background_layout=&#8221;dark&#8221; locked=&#8221;off&#8221; global_colors_info=&#8221;{}&#8221;]<\/p>\n<h1>Nuestra Historia<\/h1>\n<p class=\"p1\">Nacimos a partir del trabajo t\u00e9cnico y la experiencia directa en el rubro, lo que nos permiti\u00f3 comprender en profundidad las necesidades reales de talleres y repuesteros.<\/p>\n<p class=\"p1\">Con el tiempo, incorporamos nuevas tecnolog\u00edas, procesos y alianzas estrat\u00e9gicas, ampliando nuestro cat\u00e1logo y fortaleciendo nuestra log\u00edstica para responder a un mercado cada vez m\u00e1s exigente.<\/p>\n<p class=\"p1\">Hoy, SD Direcciones combina <span class=\"s1\"><b>experiencia, conocimiento y capacidad operativa<\/b><\/span>, manteniendo siempre un trato cercano y personalizado con cada cliente.<\/p>\n<p>[\/et_pb_text][\/et_pb_column_inner][\/et_pb_row_inner][\/et_pb_column][\/et_pb_section][et_pb_section fb_built=&#8221;1&#8243; admin_label=&#8221;Video&#8221; _builder_version=&#8221;4.27.5&#8243; background_color=&#8221;#eaeaf1&#8243; custom_margin=&#8221;0px||||false|false&#8221; custom_padding=&#8221;0px||0px||false|false&#8221; global_colors_info=&#8221;{}&#8221;][et_pb_row column_structure=&#8221;2_5,3_5&#8243; _builder_version=&#8221;4.27.5&#8243; width=&#8221;88%&#8221; max_width=&#8221;88%&#8221; max_width_tablet=&#8221;1800px&#8221; max_width_phone=&#8221;1800px&#8221; max_width_last_edited=&#8221;on|desktop&#8221; module_alignment=&#8221;right&#8221; custom_margin=&#8221;0px||0px||false|false&#8221; custom_padding=&#8221;0px||0px||false|false&#8221; module_alignment_tablet=&#8221;right&#8221; module_alignment_phone=&#8221;center&#8221; module_alignment_last_edited=&#8221;on|phone&#8221; use_custom_width=&#8221;on&#8221; locked=&#8221;off&#8221; global_colors_info=&#8221;{}&#8221;][et_pb_column type=&#8221;2_5&#8243; _builder_version=&#8221;4.16&#8243; custom_padding=&#8221;100px||40px|&#8221; global_colors_info=&#8221;{}&#8221; custom_padding__hover=&#8221;|||&#8221;][et_pb_text _builder_version=&#8221;4.27.5&#8243; header_font=&#8221;&#8211;et_global_heading_font|300||on|||||&#8221; header_text_align=&#8221;left&#8221; header_text_color=&#8221;#2589BB&#8221; header_font_size=&#8221;35px&#8221; header_line_height=&#8221;1.1em&#8221; transform_skew_linked=&#8221;off&#8221; custom_margin=&#8221;||0px|||&#8221; animation_style=&#8221;slide&#8221; animation_direction=&#8221;left&#8221; header_font_size_tablet=&#8221;100px&#8221; header_font_size_phone=&#8221;32px&#8221; header_font_size_last_edited=&#8221;on|phone&#8221; locked=&#8221;off&#8221; global_colors_info=&#8221;{}&#8221;]<\/p>\n<h1>Nuestro Equipo<\/h1>\n<p>[\/et_pb_text][et_pb_text _builder_version=&#8221;4.27.5&#8243; text_font=&#8221;||||||||&#8221; text_font_size=&#8221;15px&#8221; text_line_height=&#8221;1.8em&#8221; header_font=&#8221;||||||||&#8221; header_2_font=&#8221;Khand|700||on|||||&#8221; header_2_font_size=&#8221;60px&#8221; header_2_line_height=&#8221;1.2em&#8221; header_4_font=&#8221;&#8211;et_global_body_font||||||||&#8221; header_4_text_color=&#8221;#000000&#8243; header_4_line_height=&#8221;1.2em&#8221; header_2_font_size_tablet=&#8221;40px&#8221; header_2_font_size_phone=&#8221;30px&#8221; header_2_font_size_last_edited=&#8221;on|desktop&#8221; locked=&#8221;off&#8221; global_colors_info=&#8221;{}&#8221;]<\/p>\n<p class=\"p1\">Detr\u00e1s de cada operaci\u00f3n hay un equipo comprometido, con experiencia t\u00e9cnica y vocaci\u00f3n de servicio.<\/p>\n<p class=\"p1\">En SD Direcciones priorizamos la <span class=\"s1\"><b>calidad humana<\/b><\/span>, la capacitaci\u00f3n constante y el trabajo en equipo, porque sabemos que el verdadero valor de una empresa est\u00e1 en las personas que la integran y en la forma en que acompa\u00f1an a cada cliente.<\/p>\n<p>[\/et_pb_text][et_pb_text _builder_version=&#8221;4.27.5&#8243; header_font=&#8221;&#8211;et_global_heading_font|300||on|||||&#8221; header_text_align=&#8221;left&#8221; header_text_color=&#8221;#2589BB&#8221; header_font_size=&#8221;35px&#8221; header_line_height=&#8221;1.1em&#8221; transform_skew_linked=&#8221;off&#8221; custom_margin=&#8221;||0px|||&#8221; animation_style=&#8221;slide&#8221; animation_direction=&#8221;left&#8221; header_font_size_tablet=&#8221;100px&#8221; header_font_size_phone=&#8221;32px&#8221; header_font_size_last_edited=&#8221;on|phone&#8221; locked=&#8221;off&#8221; global_colors_info=&#8221;{}&#8221;]<\/p>\n<h1>Nuestros Pilares<\/h1>\n<p>[\/et_pb_text][et_pb_text _builder_version=&#8221;4.27.5&#8243; text_font=&#8221;||||||||&#8221; text_font_size=&#8221;15px&#8221; text_line_height=&#8221;1.8em&#8221; header_font=&#8221;||||||||&#8221; header_2_font=&#8221;Khand|700||on|||||&#8221; header_2_font_size=&#8221;60px&#8221; header_2_line_height=&#8221;1.2em&#8221; header_4_font=&#8221;&#8211;et_global_body_font||||||||&#8221; header_4_text_color=&#8221;#000000&#8243; header_4_line_height=&#8221;1.2em&#8221; header_2_font_size_tablet=&#8221;40px&#8221; header_2_font_size_phone=&#8221;30px&#8221; header_2_font_size_last_edited=&#8221;on|desktop&#8221; locked=&#8221;off&#8221; global_colors_info=&#8221;{}&#8221;]En <strong>SD Direcciones<\/strong> trabajamos con un objetivo claro: brindar un servicio excepcional, acompa\u00f1ando a cada cliente de manera personalizada y ofreciendo soluciones eficaces, seguras e innovadoras. Aspiramos a consolidarnos como referentes a nivel nacional y regional en la distribuci\u00f3n de repuestos para el transporte y la maquinaria agr\u00edcola y vial, gestionando la empresa de forma profesional y responsable. Nuestro trabajo se apoya en valores como el compromiso, la lealtad, la calidad, la honestidad y la transparencia, pilares fundamentales en cada relaci\u00f3n comercial que construimos.[\/et_pb_text][\/et_pb_column][et_pb_column type=&#8221;3_5&#8243; _builder_version=&#8221;4.16&#8243; custom_padding=&#8221;|||&#8221; global_colors_info=&#8221;{}&#8221; custom_padding__hover=&#8221;|||&#8221;][et_pb_image src=&#8221;https:\/\/sddirecciones.com.ar\/wp-content\/uploads\/2025\/12\/barra-empresa.png&#8221; title_text=&#8221;barra-empresa&#8221; align=&#8221;right&#8221; align_tablet=&#8221;center&#8221; align_phone=&#8221;center&#8221; align_last_edited=&#8221;on|desktop&#8221; _builder_version=&#8221;4.27.5&#8243; max_height=&#8221;100px&#8221; custom_margin=&#8221;||-1px|||&#8221; global_colors_info=&#8221;{}&#8221;][\/et_pb_image][et_pb_image src=&#8221;https:\/\/sddirecciones.com.ar\/wp-content\/uploads\/2025\/12\/EquipoInternacional.jpg&#8221; _builder_version=&#8221;4.27.5&#8243; _module_preset=&#8221;default&#8221; global_colors_info=&#8221;{}&#8221;][\/et_pb_image][\/et_pb_column][\/et_pb_row][\/et_pb_section][et_pb_section fb_built=&#8221;1&#8243; admin_label=&#8221;Video&#8221; _builder_version=&#8221;4.27.5&#8243; background_color=&#8221;#FFFFFF&#8221; background_enable_image=&#8221;off&#8221; background_size=&#8221;contain&#8221; background_position=&#8221;bottom_right&#8221; custom_margin=&#8221;0px||0px||false|false&#8221; custom_padding=&#8221;0px||0px||true|true&#8221; locked=&#8221;off&#8221; global_colors_info=&#8221;{}&#8221;][et_pb_row use_custom_gutter=&#8221;on&#8221; custom_padding_last_edited=&#8221;on|phone&#8221; _builder_version=&#8221;4.27.5&#8243; background_enable_color=&#8221;off&#8221; use_background_color_gradient=&#8221;on&#8221; background_color_gradient_direction=&#8221;273deg&#8221; background_color_gradient_stops=&#8221;#20558a 0%|#46b1db 100%&#8221; width=&#8221;100%&#8221; width_tablet=&#8221;&#8221; width_phone=&#8221;100%&#8221; width_last_edited=&#8221;on|phone&#8221; max_width=&#8221;100%&#8221; max_width_tablet=&#8221;600px&#8221; max_width_phone=&#8221;100%&#8221; max_width_last_edited=&#8221;on|phone&#8221; custom_margin=&#8221;0vw||||false|false&#8221; custom_margin_tablet=&#8221;-40vw||&#8221; custom_margin_phone=&#8221;10vw|0px||0px|false|true&#8221; custom_margin_last_edited=&#8221;on|phone&#8221; custom_padding=&#8221;60px|60px|60px|60px|true|false&#8221; custom_padding_tablet=&#8221;60px|50px|60px|50px|true|true&#8221; custom_padding_phone=&#8221;30px|20px|30px|20px|true|true&#8221; module_alignment_tablet=&#8221;&#8221; module_alignment_phone=&#8221;left&#8221; module_alignment_last_edited=&#8221;on|phone&#8221; locked=&#8221;off&#8221; global_colors_info=&#8221;{}&#8221;][et_pb_column type=&#8221;4_4&#8243; saved_specialty_column_type=&#8221;1_2&#8243; _builder_version=&#8221;4.27.5&#8243; custom_padding=&#8221;|||&#8221; global_colors_info=&#8221;{}&#8221; custom_padding__hover=&#8221;|||&#8221;][et_pb_text _builder_version=&#8221;4.27.5&#8243; header_font=&#8221;&#8211;et_global_heading_font|300|||||||&#8221; header_text_align=&#8221;center&#8221; header_text_color=&#8221;#FFFFFF&#8221; header_font_size=&#8221;45px&#8221; header_line_height=&#8221;1.2em&#8221; transform_skew_linked=&#8221;off&#8221; custom_margin=&#8221;5px|0px|0px||false|false&#8221; custom_padding=&#8221;|0px|0px||false|false&#8221; animation_style=&#8221;slide&#8221; animation_direction=&#8221;left&#8221; header_font_size_tablet=&#8221;100px&#8221; header_font_size_phone=&#8221;32px&#8221; header_font_size_last_edited=&#8221;on|phone&#8221; locked=&#8221;off&#8221; global_colors_info=&#8221;{}&#8221;]<\/p>\n<h1>Inversi\u00f3n constante en calidad y gesti\u00f3n<\/h1>\n<p>[\/et_pb_text][et_pb_text _builder_version=&#8221;4.27.5&#8243; text_font=&#8221;||||||||&#8221; text_font_size=&#8221;18px&#8221; text_line_height=&#8221;1.4em&#8221; text_orientation=&#8221;center&#8221; background_layout=&#8221;dark&#8221; width=&#8221;75%&#8221; module_alignment=&#8221;center&#8221; custom_margin=&#8221;10px||10px||false|false&#8221; text_font_size_tablet=&#8221;18px&#8221; text_font_size_phone=&#8221;16px&#8221; text_font_size_last_edited=&#8221;on|phone&#8221; locked=&#8221;off&#8221; global_colors_info=&#8221;{}&#8221;]<\/p>\n<p class=\"p1\">Invertimos de manera permanente en <span class=\"s1\"><b>maquinaria, tecnolog\u00eda y mejora de procesos<\/b><\/span>, con un objetivo claro: garantizar eficiencia, cumplimiento y confiabilidad en cada operaci\u00f3n. Creemos que el crecimiento sostenido se logra con <span class=\"s1\"><b>gesti\u00f3n profesional<\/b><\/span>, planificaci\u00f3n y mejora continua, acompa\u00f1ando la evoluci\u00f3n del sector y las necesidades de nuestros clientes.<\/p>\n<p>[\/et_pb_text][\/et_pb_column][\/et_pb_row][\/et_pb_section]<\/p>\n","protected":false},"excerpt":{"rendered":"<p>Nuestra empresaSD Direcciones es una empresa argentina con una s\u00f3lida trayectoria en el mercado de repuestos para direcciones hidr\u00e1ulicas, mec\u00e1nicas y electroasistidas. A lo largo de m\u00e1s de tres d\u00e9cadas, evolucionamos desde el conocimiento t\u00e9cnico hacia una gesti\u00f3n profesional, consolid\u00e1ndonos como importadores y distribuidores especializados, con cobertura en todo el pa\u00eds.Nuestra Historia Nacimos a partir [&hellip;]<\/p>\n","protected":false},"author":1,"featured_media":0,"parent":0,"menu_order":0,"comment_status":"closed","ping_status":"closed","template":"","meta":{"_et_pb_use_builder":"on","_et_pb_old_content":"","_et_gb_content_width":"","_joinchat":[],"footnotes":""},"class_list":["post-2959","page","type-page","status-publish","hentry"],"yoast_head":"<!-- This site is optimized with the Yoast SEO plugin v27.4 - https:\/\/yoast.com\/product\/yoast-seo-wordpress\/ -->\n<title>Empresa de Repuestos para Direcciones Hidr\u00e1ulicas<\/title>\n<meta name=\"description\" content=\"Conoc\u00e9 a SD Direcciones, empresa argentina con m\u00e1s de 30 a\u00f1os en repuestos para direcciones hidr\u00e1ulicas, mec\u00e1nicas y electroasistidas.\" \/>\n<meta name=\"robots\" content=\"index, follow, max-snippet:-1, max-image-preview:large, max-video-preview:-1\" \/>\n<link rel=\"canonical\" href=\"https:\/\/sddirecciones.com.ar\/en\/empresa\/\" \/>\n<meta property=\"og:locale\" content=\"en_US\" \/>\n<meta property=\"og:type\" content=\"article\" \/>\n<meta property=\"og:title\" content=\"Empresa de Repuestos para Direcciones Hidr\u00e1ulicas\" \/>\n<meta property=\"og:description\" content=\"Conoc\u00e9 a SD Direcciones, empresa argentina con m\u00e1s de 30 a\u00f1os en repuestos para direcciones hidr\u00e1ulicas, mec\u00e1nicas y electroasistidas.\" \/>\n<meta property=\"og:url\" content=\"https:\/\/sddirecciones.com.ar\/en\/empresa\/\" \/>\n<meta property=\"og:site_name\" content=\"SD Direcciones\" \/>\n<meta property=\"article:modified_time\" content=\"2026-03-16T18:24:36+00:00\" \/>\n<meta property=\"og:image\" content=\"https:\/\/sddirecciones.com.ar\/wp-content\/uploads\/2025\/10\/logo.png\" \/>\n\t<meta property=\"og:image:width\" content=\"150\" \/>\n\t<meta property=\"og:image:height\" content=\"80\" \/>\n\t<meta property=\"og:image:type\" content=\"image\/png\" \/>\n<meta name=\"twitter:card\" content=\"summary_large_image\" \/>\n<meta name=\"twitter:label1\" content=\"Est. reading time\" \/>\n\t<meta name=\"twitter:data1\" content=\"3 minutes\" \/>\n<script type=\"application\/ld+json\" class=\"yoast-schema-graph\">{\"@context\":\"https:\\\/\\\/schema.org\",\"@graph\":[{\"@type\":\"WebPage\",\"@id\":\"https:\\\/\\\/sddirecciones.com.ar\\\/empresa\\\/\",\"url\":\"https:\\\/\\\/sddirecciones.com.ar\\\/empresa\\\/\",\"name\":\"Empresa de Repuestos para Direcciones Hidr\u00e1ulicas\",\"isPartOf\":{\"@id\":\"https:\\\/\\\/sddirecciones.com.ar\\\/#website\"},\"datePublished\":\"2025-12-17T14:08:51+00:00\",\"dateModified\":\"2026-03-16T18:24:36+00:00\",\"description\":\"Conoc\u00e9 a SD Direcciones, empresa argentina con m\u00e1s de 30 a\u00f1os en repuestos para direcciones hidr\u00e1ulicas, mec\u00e1nicas y electroasistidas.\",\"breadcrumb\":{\"@id\":\"https:\\\/\\\/sddirecciones.com.ar\\\/empresa\\\/#breadcrumb\"},\"inLanguage\":\"en-US\",\"potentialAction\":[{\"@type\":\"ReadAction\",\"target\":[\"https:\\\/\\\/sddirecciones.com.ar\\\/empresa\\\/\"]}]},{\"@type\":\"BreadcrumbList\",\"@id\":\"https:\\\/\\\/sddirecciones.com.ar\\\/empresa\\\/#breadcrumb\",\"itemListElement\":[{\"@type\":\"ListItem\",\"position\":1,\"name\":\"Inicio\",\"item\":\"https:\\\/\\\/sddirecciones.com.ar\\\/\"},{\"@type\":\"ListItem\",\"position\":2,\"name\":\"Empresa\"}]},{\"@type\":\"WebSite\",\"@id\":\"https:\\\/\\\/sddirecciones.com.ar\\\/#website\",\"url\":\"https:\\\/\\\/sddirecciones.com.ar\\\/\",\"name\":\"SD Direcciones\",\"description\":\"Distribuci\u00f3n de Cremalleras hidr\u00e1ulicas, Bombas, Importados\",\"publisher\":{\"@id\":\"https:\\\/\\\/sddirecciones.com.ar\\\/#organization\"},\"potentialAction\":[{\"@type\":\"SearchAction\",\"target\":{\"@type\":\"EntryPoint\",\"urlTemplate\":\"https:\\\/\\\/sddirecciones.com.ar\\\/?s={search_term_string}\"},\"query-input\":{\"@type\":\"PropertyValueSpecification\",\"valueRequired\":true,\"valueName\":\"search_term_string\"}}],\"inLanguage\":\"en-US\"},{\"@type\":\"Organization\",\"@id\":\"https:\\\/\\\/sddirecciones.com.ar\\\/#organization\",\"name\":\"SD Direcciones\",\"url\":\"https:\\\/\\\/sddirecciones.com.ar\\\/\",\"logo\":{\"@type\":\"ImageObject\",\"inLanguage\":\"en-US\",\"@id\":\"https:\\\/\\\/sddirecciones.com.ar\\\/#\\\/schema\\\/logo\\\/image\\\/\",\"url\":\"\",\"contentUrl\":\"\",\"caption\":\"SD Direcciones\"},\"image\":{\"@id\":\"https:\\\/\\\/sddirecciones.com.ar\\\/#\\\/schema\\\/logo\\\/image\\\/\"},\"sameAs\":[\"https:\\\/\\\/www.instagram.com\\\/dr.federicococcaro\\\/\"]}]}<\/script>\n<!-- \/ Yoast SEO plugin. -->","yoast_head_json":{"title":"Empresa de Repuestos para Direcciones Hidr\u00e1ulicas","description":"Conoc\u00e9 a SD Direcciones, empresa argentina con m\u00e1s de 30 a\u00f1os en repuestos para direcciones hidr\u00e1ulicas, mec\u00e1nicas y electroasistidas.","robots":{"index":"index","follow":"follow","max-snippet":"max-snippet:-1","max-image-preview":"max-image-preview:large","max-video-preview":"max-video-preview:-1"},"canonical":"https:\/\/sddirecciones.com.ar\/en\/empresa\/","og_locale":"en_US","og_type":"article","og_title":"Empresa de Repuestos para Direcciones Hidr\u00e1ulicas","og_description":"Conoc\u00e9 a SD Direcciones, empresa argentina con m\u00e1s de 30 a\u00f1os en repuestos para direcciones hidr\u00e1ulicas, mec\u00e1nicas y electroasistidas.","og_url":"https:\/\/sddirecciones.com.ar\/en\/empresa\/","og_site_name":"SD Direcciones","article_modified_time":"2026-03-16T18:24:36+00:00","og_image":[{"width":150,"height":80,"url":"https:\/\/sddirecciones.com.ar\/wp-content\/uploads\/2025\/10\/logo.png","type":"image\/png"}],"twitter_card":"summary_large_image","twitter_misc":{"Est. reading time":"3 minutes"},"schema":{"@context":"https:\/\/schema.org","@graph":[{"@type":"WebPage","@id":"https:\/\/sddirecciones.com.ar\/empresa\/","url":"https:\/\/sddirecciones.com.ar\/empresa\/","name":"Empresa de Repuestos para Direcciones Hidr\u00e1ulicas","isPartOf":{"@id":"https:\/\/sddirecciones.com.ar\/#website"},"datePublished":"2025-12-17T14:08:51+00:00","dateModified":"2026-03-16T18:24:36+00:00","description":"Conoc\u00e9 a SD Direcciones, empresa argentina con m\u00e1s de 30 a\u00f1os en repuestos para direcciones hidr\u00e1ulicas, mec\u00e1nicas y electroasistidas.","breadcrumb":{"@id":"https:\/\/sddirecciones.com.ar\/empresa\/#breadcrumb"},"inLanguage":"en-US","potentialAction":[{"@type":"ReadAction","target":["https:\/\/sddirecciones.com.ar\/empresa\/"]}]},{"@type":"BreadcrumbList","@id":"https:\/\/sddirecciones.com.ar\/empresa\/#breadcrumb","itemListElement":[{"@type":"ListItem","position":1,"name":"Inicio","item":"https:\/\/sddirecciones.com.ar\/"},{"@type":"ListItem","position":2,"name":"Empresa"}]},{"@type":"WebSite","@id":"https:\/\/sddirecciones.com.ar\/#website","url":"https:\/\/sddirecciones.com.ar\/","name":"SD Direcciones","description":"Distribuci\u00f3n de Cremalleras hidr\u00e1ulicas, Bombas, Importados","publisher":{"@id":"https:\/\/sddirecciones.com.ar\/#organization"},"potentialAction":[{"@type":"SearchAction","target":{"@type":"EntryPoint","urlTemplate":"https:\/\/sddirecciones.com.ar\/?s={search_term_string}"},"query-input":{"@type":"PropertyValueSpecification","valueRequired":true,"valueName":"search_term_string"}}],"inLanguage":"en-US"},{"@type":"Organization","@id":"https:\/\/sddirecciones.com.ar\/#organization","name":"SD Direcciones","url":"https:\/\/sddirecciones.com.ar\/","logo":{"@type":"ImageObject","inLanguage":"en-US","@id":"https:\/\/sddirecciones.com.ar\/#\/schema\/logo\/image\/","url":"","contentUrl":"","caption":"SD Direcciones"},"image":{"@id":"https:\/\/sddirecciones.com.ar\/#\/schema\/logo\/image\/"},"sameAs":["https:\/\/www.instagram.com\/dr.federicococcaro\/"]}]}},"_links":{"self":[{"href":"https:\/\/sddirecciones.com.ar\/en\/wp-json\/wp\/v2\/pages\/2959","targetHints":{"allow":["GET"]}}],"collection":[{"href":"https:\/\/sddirecciones.com.ar\/en\/wp-json\/wp\/v2\/pages"}],"about":[{"href":"https:\/\/sddirecciones.com.ar\/en\/wp-json\/wp\/v2\/types\/page"}],"author":[{"embeddable":true,"href":"https:\/\/sddirecciones.com.ar\/en\/wp-json\/wp\/v2\/users\/1"}],"replies":[{"embeddable":true,"href":"https:\/\/sddirecciones.com.ar\/en\/wp-json\/wp\/v2\/comments?post=2959"}],"version-history":[{"count":58,"href":"https:\/\/sddirecciones.com.ar\/en\/wp-json\/wp\/v2\/pages\/2959\/revisions"}],"predecessor-version":[{"id":3689,"href":"https:\/\/sddirecciones.com.ar\/en\/wp-json\/wp\/v2\/pages\/2959\/revisions\/3689"}],"wp:attachment":[{"href":"https:\/\/sddirecciones.com.ar\/en\/wp-json\/wp\/v2\/media?parent=2959"}],"curies":[{"name":"wp","href":"https:\/\/api.w.org\/{rel}","templated":true}]}}